{"id":3080,"date":"2025-02-03T21:54:24","date_gmt":"2025-02-03T18:54:24","guid":{"rendered":"https:\/\/dalamatarimsalkalkinma.com.tr\/?page_id=3080"},"modified":"2025-02-03T22:11:04","modified_gmt":"2025-02-03T19:11:04","slug":"duyurular","status":"publish","type":"page","link":"https:\/\/dalamatarimsalkalkinma.com.tr\/index.php\/duyurular\/","title":{"rendered":"Duyurular"},"content":{"rendered":"\t\t<div data-elementor-type=\"wp-page\" data-elementor-id=\"3080\" class=\"elementor elementor-3080\" data-elementor-post-type=\"page\">\n\t\t\t\t\t\t<section class=\"elementor-section elementor-top-section elementor-element elementor-element-09b0614 elementor-section-boxed elementor-section-height-default elementor-section-height-default\" data-id=\"09b0614\" data-element_type=\"section\" data-e-type=\"section\">\n\t\t\t\t\t\t<div class=\"elementor-container elementor-column-gap-default\">\n\t\t\t\t\t<div class=\"elementor-column elementor-col-100 elementor-top-column elementor-element elementor-element-217e825\" data-id=\"217e825\" data-element_type=\"column\" data-e-type=\"column\">\n\t\t\t<div class=\"elementor-widget-wrap elementor-element-populated\">\n\t\t\t\t\t\t<div class=\"elementor-element elementor-element-a11d771 news-style-1 elementor-widget elementor-widget-mae-news-grid\" data-id=\"a11d771\" data-element_type=\"widget\" data-e-type=\"widget\" data-widget_type=\"mae-news-grid.default\">\n\t\t\t\t<div class=\"elementor-widget-container\">\n\t\t\t\t\t\n        <div class=\"master-portfolio news-style-1\" data-config='{\"columns\":3,\"columnsTablet\":2,\"columnsMobile\":1,\"gapHorizontal\":30,\"gapVertical\":30,\"layoutMode\":\"grid\"}'>\n            <div class=\"galleries cbp\">\n                                    \n                        <div class=\"master-news cbp-item\">\n                            <div class=\"image-wrap\"><a class=\"thumb\" href=\"https:\/\/dalamatarimsalkalkinma.com.tr\/index.php\/2026\/05\/05\/dalama-tarimsal-kalkinma-kooperatifi-olagan-genel-kurul-toplantisi-gerceklestirildi\/\" aria-label=\"DALAMA TARIMSAL KALKINMA KOOPERAT\u0130F\u0130 OLA\u011eAN GENEL KURUL TOPLANTISI GER\u00c7EKLE\u015eT\u0130R\u0130LD\u0130\"><span class=\"inner\"><img fetchpriority=\"high\" decoding=\"async\" width=\"370\" height=\"300\" src=\"https:\/\/dalamatarimsalkalkinma.com.tr\/wp-content\/uploads\/2026\/05\/WhatsApp-Image-2026-05-04-at-21.52.49-3-370x300.jpeg\" class=\"attachment-mae-std2 size-mae-std2 wp-post-image\" alt=\"\" \/><\/span><\/a><\/div><div class=\"content-wrap\"><span class=\"post-date default\">05 May\u0131s 2026<\/span><div class=\"post-meta\"><span class=\"post-by-author item\"><span class=\"prefix\">by<\/span> \n                    <a class=\"name\" href=\"https:\/\/dalamatarimsalkalkinma.com.tr\/index.php\/author\/dalamawp\/\" title=\"View all posts by dalamawp\">dalamawp<\/a>\n                <\/span><\/div><h3 class=\"headline-2\"><a href=\"https:\/\/dalamatarimsalkalkinma.com.tr\/index.php\/2026\/05\/05\/dalama-tarimsal-kalkinma-kooperatifi-olagan-genel-kurul-toplantisi-gerceklestirildi\/\">DALAMA TARIMSAL KALKINMA KOOPERAT\u0130F\u0130 OLA\u011eAN GENEL KURUL TOPLANTISI GER\u00c7EKLE\u015eT\u0130R\u0130LD\u0130<\/a><\/h3><div class=\"desc\">Dalama Tar\u0131msal Kalk\u0131nma Kooperatifimizin Se\u00e7imli Ola\u011fan Genel Kurul Toplant\u0131s\u0131, 28<\/div><div class=\"sep\"><\/div><\/div>\n                        <\/div>\n                    \n                        <div class=\"master-news cbp-item\">\n                            <div class=\"image-wrap\"><a class=\"thumb\" href=\"https:\/\/dalamatarimsalkalkinma.com.tr\/index.php\/2022\/07\/05\/the-future-of-farming-smart-community-irrigation-solutions\/\" aria-label=\"duyurular\"><span class=\"inner\"><img decoding=\"async\" width=\"370\" height=\"300\" src=\"https:\/\/dalamatarimsalkalkinma.com.tr\/wp-content\/uploads\/2022\/07\/dalama-tarimsal-kalkinma-logo-370x300.png\" class=\"attachment-mae-std2 size-mae-std2 wp-post-image\" alt=\"\" \/><\/span><\/a><\/div><div class=\"content-wrap\"><span class=\"post-date default\">05 Temmuz 2022<\/span><div class=\"post-meta\"><span class=\"post-by-author item\"><span class=\"prefix\">by<\/span> \n                    <a class=\"name\" href=\"https:\/\/dalamatarimsalkalkinma.com.tr\/index.php\/author\/dalamawp\/\" title=\"View all posts by dalamawp\">dalamawp<\/a>\n                <\/span><span class=\"meta-sep\">\/<\/span><span class=\"post-comment item\"><span class=\"inner\"><a href=\"https:\/\/dalamatarimsalkalkinma.com.tr\/index.php\/2022\/07\/05\/the-future-of-farming-smart-community-irrigation-solutions\/#respond\">0 Comments<\/a><\/span><\/span><\/div><h3 class=\"headline-2\"><a href=\"https:\/\/dalamatarimsalkalkinma.com.tr\/index.php\/2022\/07\/05\/the-future-of-farming-smart-community-irrigation-solutions\/\">duyurular<\/a><\/h3><div class=\"desc\">duyurular<\/div><div class=\"sep\"><\/div><\/div>\n                        <\/div>\n                                <\/div><!-- galleries -->\n        <\/div><!-- master-portfolio -->\n        \t\t\t\t<\/div>\n\t\t\t\t<\/div>\n\t\t\t\t\t<\/div>\n\t\t<\/div>\n\t\t\t\t\t<\/div>\n\t\t<\/section>\n\t\t\t\t<\/div>\n\t\t","protected":false},"excerpt":{"rendered":"<p>News item not found!<\/p>\n","protected":false},"author":1,"featured_media":0,"parent":0,"menu_order":0,"comment_status":"closed","ping_status":"closed","template":"","meta":{"footnotes":""},"class_list":["post-3080","page","type-page","status-publish","hentry"],"_links":{"self":[{"href":"https:\/\/dalamatarimsalkalkinma.com.tr\/index.php\/wp-json\/wp\/v2\/pages\/3080","targetHints":{"allow":["GET"]}}],"collection":[{"href":"https:\/\/dalamatarimsalkalkinma.com.tr\/index.php\/wp-json\/wp\/v2\/pages"}],"about":[{"href":"https:\/\/dalamatarimsalkalkinma.com.tr\/index.php\/wp-json\/wp\/v2\/types\/page"}],"author":[{"embeddable":true,"href":"https:\/\/dalamatarimsalkalkinma.com.tr\/index.php\/wp-json\/wp\/v2\/users\/1"}],"replies":[{"embeddable":true,"href":"https:\/\/dalamatarimsalkalkinma.com.tr\/index.php\/wp-json\/wp\/v2\/comments?post=3080"}],"version-history":[{"count":4,"href":"https:\/\/dalamatarimsalkalkinma.com.tr\/index.php\/wp-json\/wp\/v2\/pages\/3080\/revisions"}],"predecessor-version":[{"id":3095,"href":"https:\/\/dalamatarimsalkalkinma.com.tr\/index.php\/wp-json\/wp\/v2\/pages\/3080\/revisions\/3095"}],"wp:attachment":[{"href":"https:\/\/dalamatarimsalkalkinma.com.tr\/index.php\/wp-json\/wp\/v2\/media?parent=3080"}],"curies":[{"name":"wp","href":"https:\/\/api.w.org\/{rel}","templated":true}]}}