{"id":3074,"date":"2025-02-03T21:48:29","date_gmt":"2025-02-03T18:48:29","guid":{"rendered":"https:\/\/dalamatarimsalkalkinma.com.tr\/?page_id=3074"},"modified":"2025-02-03T21:48:30","modified_gmt":"2025-02-03T18:48:30","slug":"calisanlarimiz","status":"publish","type":"page","link":"https:\/\/dalamatarimsalkalkinma.com.tr\/index.php\/calisanlarimiz\/","title":{"rendered":"\u00c7al\u0131\u015fanlar\u0131m\u0131z"},"content":{"rendered":"\t\t<div data-elementor-type=\"wp-page\" data-elementor-id=\"3074\" class=\"elementor elementor-3074\" data-elementor-post-type=\"page\">\n\t\t\t\t\t\t<section class=\"elementor-section elementor-top-section elementor-element elementor-element-82679ac elementor-section-boxed elementor-section-height-default elementor-section-height-default\" data-id=\"82679ac\" data-element_type=\"section\" data-e-type=\"section\">\n\t\t\t\t\t\t<div class=\"elementor-container elementor-column-gap-default\">\n\t\t\t\t\t<div class=\"elementor-column elementor-col-100 elementor-top-column elementor-element elementor-element-27355ec\" data-id=\"27355ec\" data-element_type=\"column\" data-e-type=\"column\">\n\t\t\t<div class=\"elementor-widget-wrap elementor-element-populated\">\n\t\t\t\t\t\t<div class=\"elementor-element elementor-element-489aa3d elementor-widget elementor-widget-spacer\" data-id=\"489aa3d\" data-element_type=\"widget\" data-e-type=\"widget\" data-widget_type=\"spacer.default\">\n\t\t\t\t<div class=\"elementor-widget-container\">\n\t\t\t\t\t\t\t<div class=\"elementor-spacer\">\n\t\t\t<div class=\"elementor-spacer-inner\"><\/div>\n\t\t<\/div>\n\t\t\t\t\t\t<\/div>\n\t\t\t\t<\/div>\n\t\t\t\t<div class=\"elementor-element elementor-element-269b309 align-center heading-default elementor-widget elementor-widget-mae-headings\" data-id=\"269b309\" data-element_type=\"widget\" data-e-type=\"widget\" data-widget_type=\"mae-headings.default\">\n\t\t\t\t<div class=\"elementor-widget-container\">\n\t\t\t\t\t\t\t<div class=\"master-heading sep-none\">\n\t\t\t\t        \t        \t<div class=\"pre-heading\"><span class=\"line\"><span class=\"inner\"><\/span><\/span>S.S DALAMA TARIMSAL KALKINMA KOOPERAT\u0130F\u0130<\/div>\n\t        \n\t        \n\t        \t        <h2 class=\"main-heading\">Denetim Kurulu<\/h2>\n\t        \n\t        \n\t        \t    <\/div>\n\t    \t\t\t\t<\/div>\n\t\t\t\t<\/div>\n\t\t\t\t<div class=\"elementor-element elementor-element-ca5a1d4 elementor-widget elementor-widget-mae-team-carousel\" data-id=\"ca5a1d4\" data-element_type=\"widget\" data-e-type=\"widget\" data-widget_type=\"mae-team-carousel.default\">\n\t\t\t\t<div class=\"elementor-widget-container\">\n\t\t\t\t\t\n        <div class=\"master-carousel-box mlr-733768804\" data-config='{\"column\":\"\",\"columnTablet\":2,\"columnMobile\":1,\"gap\":\"\",\"arrowPosition\":null,\"arrowMiddleOffset\":null,\"arrowTopOffset\":null,\"stretch\":\"no\",\"autoPlay\":true,\"prevNextButtons\":false,\"pageDots\":false,\"activeIndex\":\"\"}'>\n                            <div class=\"master-team item-carousel\">\n                    <div class=\"inner\">\n                        <div class=\"image-wrap\">\n                            <div class=\"avatar\"><a class=\"thumb\" aria-label=\"avatar\" href=\"\"><span class=\"inner\"><img fetchpriority=\"high\" decoding=\"async\" width=\"512\" height=\"512\" src=\"https:\/\/dalamatarimsalkalkinma.com.tr\/wp-content\/uploads\/2022\/07\/cropped-dalama-tarimsal-kalkinma-logo.png\" class=\"attachment-full size-full\" alt=\"\" srcset=\"https:\/\/dalamatarimsalkalkinma.com.tr\/wp-content\/uploads\/2022\/07\/cropped-dalama-tarimsal-kalkinma-logo.png 512w, https:\/\/dalamatarimsalkalkinma.com.tr\/wp-content\/uploads\/2022\/07\/cropped-dalama-tarimsal-kalkinma-logo-300x300.png 300w, https:\/\/dalamatarimsalkalkinma.com.tr\/wp-content\/uploads\/2022\/07\/cropped-dalama-tarimsal-kalkinma-logo-150x150.png 150w, https:\/\/dalamatarimsalkalkinma.com.tr\/wp-content\/uploads\/2022\/07\/cropped-dalama-tarimsal-kalkinma-logo-370x370.png 370w, https:\/\/dalamatarimsalkalkinma.com.tr\/wp-content\/uploads\/2022\/07\/cropped-dalama-tarimsal-kalkinma-logo-60x60.png 60w, https:\/\/dalamatarimsalkalkinma.com.tr\/wp-content\/uploads\/2022\/07\/cropped-dalama-tarimsal-kalkinma-logo-100x100.png 100w, https:\/\/dalamatarimsalkalkinma.com.tr\/wp-content\/uploads\/2022\/07\/cropped-dalama-tarimsal-kalkinma-logo-270x270.png 270w, https:\/\/dalamatarimsalkalkinma.com.tr\/wp-content\/uploads\/2022\/07\/cropped-dalama-tarimsal-kalkinma-logo-192x192.png 192w, https:\/\/dalamatarimsalkalkinma.com.tr\/wp-content\/uploads\/2022\/07\/cropped-dalama-tarimsal-kalkinma-logo-180x180.png 180w, https:\/\/dalamatarimsalkalkinma.com.tr\/wp-content\/uploads\/2022\/07\/cropped-dalama-tarimsal-kalkinma-logo-32x32.png 32w\" sizes=\"(max-width: 512px) 100vw, 512px\" \/><\/span><\/a><\/div>                        <\/div>\n\n                        <div class=\"content-wrap\">\n                                                        <div class=\"name-role-info\">\n                                <h3 class=\"team-name\"><a href=\"\">ZEK\u0130 ERG\u00dcN<\/a><\/h3><span class=\"team-role\">\u00dcye<\/span>                            <\/div>\n                        <\/div>\n                    <\/div>\n                <\/div>\n                            <div class=\"master-team item-carousel\">\n                    <div class=\"inner\">\n                        <div class=\"image-wrap\">\n                            <div class=\"avatar\"><a class=\"thumb\" aria-label=\"avatar\" href=\"\"><span class=\"inner\"><img fetchpriority=\"high\" decoding=\"async\" width=\"512\" height=\"512\" src=\"https:\/\/dalamatarimsalkalkinma.com.tr\/wp-content\/uploads\/2022\/07\/cropped-dalama-tarimsal-kalkinma-logo.png\" class=\"attachment-full size-full\" alt=\"\" srcset=\"https:\/\/dalamatarimsalkalkinma.com.tr\/wp-content\/uploads\/2022\/07\/cropped-dalama-tarimsal-kalkinma-logo.png 512w, https:\/\/dalamatarimsalkalkinma.com.tr\/wp-content\/uploads\/2022\/07\/cropped-dalama-tarimsal-kalkinma-logo-300x300.png 300w, https:\/\/dalamatarimsalkalkinma.com.tr\/wp-content\/uploads\/2022\/07\/cropped-dalama-tarimsal-kalkinma-logo-150x150.png 150w, https:\/\/dalamatarimsalkalkinma.com.tr\/wp-content\/uploads\/2022\/07\/cropped-dalama-tarimsal-kalkinma-logo-370x370.png 370w, https:\/\/dalamatarimsalkalkinma.com.tr\/wp-content\/uploads\/2022\/07\/cropped-dalama-tarimsal-kalkinma-logo-60x60.png 60w, https:\/\/dalamatarimsalkalkinma.com.tr\/wp-content\/uploads\/2022\/07\/cropped-dalama-tarimsal-kalkinma-logo-100x100.png 100w, https:\/\/dalamatarimsalkalkinma.com.tr\/wp-content\/uploads\/2022\/07\/cropped-dalama-tarimsal-kalkinma-logo-270x270.png 270w, https:\/\/dalamatarimsalkalkinma.com.tr\/wp-content\/uploads\/2022\/07\/cropped-dalama-tarimsal-kalkinma-logo-192x192.png 192w, https:\/\/dalamatarimsalkalkinma.com.tr\/wp-content\/uploads\/2022\/07\/cropped-dalama-tarimsal-kalkinma-logo-180x180.png 180w, https:\/\/dalamatarimsalkalkinma.com.tr\/wp-content\/uploads\/2022\/07\/cropped-dalama-tarimsal-kalkinma-logo-32x32.png 32w\" sizes=\"(max-width: 512px) 100vw, 512px\" \/><\/span><\/a><\/div>                        <\/div>\n\n                        <div class=\"content-wrap\">\n                                                        <div class=\"name-role-info\">\n                                <h3 class=\"team-name\"><a href=\"\">HAKKI ALTINTOPU<\/a><\/h3><span class=\"team-role\">\u00dcye<\/span>                            <\/div>\n                        <\/div>\n                    <\/div>\n                <\/div>\n                            <div class=\"master-team item-carousel\">\n                    <div class=\"inner\">\n                        <div class=\"image-wrap\">\n                            <div class=\"avatar\"><a class=\"thumb\" aria-label=\"avatar\" href=\"\"><span class=\"inner\"><img fetchpriority=\"high\" decoding=\"async\" width=\"512\" height=\"512\" src=\"https:\/\/dalamatarimsalkalkinma.com.tr\/wp-content\/uploads\/2022\/07\/cropped-dalama-tarimsal-kalkinma-logo.png\" class=\"attachment-full size-full\" alt=\"\" srcset=\"https:\/\/dalamatarimsalkalkinma.com.tr\/wp-content\/uploads\/2022\/07\/cropped-dalama-tarimsal-kalkinma-logo.png 512w, https:\/\/dalamatarimsalkalkinma.com.tr\/wp-content\/uploads\/2022\/07\/cropped-dalama-tarimsal-kalkinma-logo-300x300.png 300w, https:\/\/dalamatarimsalkalkinma.com.tr\/wp-content\/uploads\/2022\/07\/cropped-dalama-tarimsal-kalkinma-logo-150x150.png 150w, https:\/\/dalamatarimsalkalkinma.com.tr\/wp-content\/uploads\/2022\/07\/cropped-dalama-tarimsal-kalkinma-logo-370x370.png 370w, https:\/\/dalamatarimsalkalkinma.com.tr\/wp-content\/uploads\/2022\/07\/cropped-dalama-tarimsal-kalkinma-logo-60x60.png 60w, https:\/\/dalamatarimsalkalkinma.com.tr\/wp-content\/uploads\/2022\/07\/cropped-dalama-tarimsal-kalkinma-logo-100x100.png 100w, https:\/\/dalamatarimsalkalkinma.com.tr\/wp-content\/uploads\/2022\/07\/cropped-dalama-tarimsal-kalkinma-logo-270x270.png 270w, https:\/\/dalamatarimsalkalkinma.com.tr\/wp-content\/uploads\/2022\/07\/cropped-dalama-tarimsal-kalkinma-logo-192x192.png 192w, https:\/\/dalamatarimsalkalkinma.com.tr\/wp-content\/uploads\/2022\/07\/cropped-dalama-tarimsal-kalkinma-logo-180x180.png 180w, https:\/\/dalamatarimsalkalkinma.com.tr\/wp-content\/uploads\/2022\/07\/cropped-dalama-tarimsal-kalkinma-logo-32x32.png 32w\" sizes=\"(max-width: 512px) 100vw, 512px\" \/><\/span><\/a><\/div>                        <\/div>\n\n                        <div class=\"content-wrap\">\n                                                        <div class=\"name-role-info\">\n                                <h3 class=\"team-name\"><a href=\"\">HAKKI ALTINTOPU<\/a><\/h3><span class=\"team-role\">\u00dcye<\/span>                            <\/div>\n                        <\/div>\n                    <\/div>\n                <\/div>\n                    <\/div>\n\n        \t\t\t\t<\/div>\n\t\t\t\t<\/div>\n\t\t\t\t<div class=\"elementor-element elementor-element-412bf95 elementor-widget elementor-widget-spacer\" data-id=\"412bf95\" data-element_type=\"widget\" data-e-type=\"widget\" data-widget_type=\"spacer.default\">\n\t\t\t\t<div class=\"elementor-widget-container\">\n\t\t\t\t\t\t\t<div class=\"elementor-spacer\">\n\t\t\t<div class=\"elementor-spacer-inner\"><\/div>\n\t\t<\/div>\n\t\t\t\t\t\t<\/div>\n\t\t\t\t<\/div>\n\t\t\t\t\t<\/div>\n\t\t<\/div>\n\t\t\t\t\t<\/div>\n\t\t<\/section>\n\t\t\t\t<\/div>\n\t\t\n    <div class=\"xs_social_share_widget xs_share_url after_content \t\tmain_content  wslu-style-1 wslu-share-box-shaped wslu-fill-colored wslu-none wslu-share-horizontal wslu-theme-font-no wslu-main_content\">\n\n\t\t\n        <ul>\n\t\t\t        <\/ul>\n    <\/div> \n","protected":false},"excerpt":{"rendered":"<p>S.S DALAMA TARIMSAL KALKINMA KOOPERAT\u0130F\u0130 Denetim Kurulu ZEK\u0130 ERG\u00dcN \u00dcye HAKKI ALTINTOPU \u00dcye HAKKI ALTINTOPU \u00dcye<\/p>\n","protected":false},"author":1,"featured_media":0,"parent":0,"menu_order":0,"comment_status":"closed","ping_status":"closed","template":"","meta":{"footnotes":""},"class_list":["post-3074","page","type-page","status-publish","hentry"],"_links":{"self":[{"href":"https:\/\/dalamatarimsalkalkinma.com.tr\/index.php\/wp-json\/wp\/v2\/pages\/3074","targetHints":{"allow":["GET"]}}],"collection":[{"href":"https:\/\/dalamatarimsalkalkinma.com.tr\/index.php\/wp-json\/wp\/v2\/pages"}],"about":[{"href":"https:\/\/dalamatarimsalkalkinma.com.tr\/index.php\/wp-json\/wp\/v2\/types\/page"}],"author":[{"embeddable":true,"href":"https:\/\/dalamatarimsalkalkinma.com.tr\/index.php\/wp-json\/wp\/v2\/users\/1"}],"replies":[{"embeddable":true,"href":"https:\/\/dalamatarimsalkalkinma.com.tr\/index.php\/wp-json\/wp\/v2\/comments?post=3074"}],"version-history":[{"count":1,"href":"https:\/\/dalamatarimsalkalkinma.com.tr\/index.php\/wp-json\/wp\/v2\/pages\/3074\/revisions"}],"predecessor-version":[{"id":3075,"href":"https:\/\/dalamatarimsalkalkinma.com.tr\/index.php\/wp-json\/wp\/v2\/pages\/3074\/revisions\/3075"}],"wp:attachment":[{"href":"https:\/\/dalamatarimsalkalkinma.com.tr\/index.php\/wp-json\/wp\/v2\/media?parent=3074"}],"curies":[{"name":"wp","href":"https:\/\/api.w.org\/{rel}","templated":true}]}}