{"id":2399,"date":"2022-07-11T12:33:08","date_gmt":"2022-07-11T12:33:08","guid":{"rendered":"http:\/\/tplabs.co\/agrios\/?page_id=2399"},"modified":"2025-02-03T22:09:56","modified_gmt":"2025-02-03T19:09:56","slug":"haberler","status":"publish","type":"page","link":"https:\/\/dalamatarimsalkalkinma.com.tr\/index.php\/haberler\/","title":{"rendered":"Haberler"},"content":{"rendered":"\t\t<div data-elementor-type=\"wp-page\" data-elementor-id=\"2399\" class=\"elementor elementor-2399\" data-elementor-post-type=\"page\">\n\t\t\t\t\t\t<section class=\"elementor-section elementor-top-section elementor-element elementor-element-09b0614 elementor-section-boxed elementor-section-height-default elementor-section-height-default\" data-id=\"09b0614\" data-element_type=\"section\" data-e-type=\"section\">\n\t\t\t\t\t\t<div class=\"elementor-container elementor-column-gap-default\">\n\t\t\t\t\t<div class=\"elementor-column elementor-col-100 elementor-top-column elementor-element elementor-element-217e825\" data-id=\"217e825\" data-element_type=\"column\" data-e-type=\"column\">\n\t\t\t<div class=\"elementor-widget-wrap elementor-element-populated\">\n\t\t\t\t\t\t<div class=\"elementor-element elementor-element-a11d771 news-style-2 elementor-widget elementor-widget-mae-news-grid\" data-id=\"a11d771\" data-element_type=\"widget\" data-e-type=\"widget\" data-widget_type=\"mae-news-grid.default\">\n\t\t\t\t<div class=\"elementor-widget-container\">\n\t\t\t\t\t\n        <div class=\"master-portfolio news-style-1\" data-config='{\"columns\":3,\"columnsTablet\":2,\"columnsMobile\":1,\"gapHorizontal\":30,\"gapVertical\":30,\"layoutMode\":\"grid\"}'>\n            <div class=\"galleries cbp\">\n                                    \n                        <div class=\"master-news cbp-item\">\n                            <div class=\"image-wrap\"><a class=\"thumb\" href=\"https:\/\/dalamatarimsalkalkinma.com.tr\/index.php\/2026\/05\/05\/dalama-tarimsal-kalkinma-kooperatifi-olagan-genel-kurul-toplantisi-gerceklestirildi\/\" aria-label=\"DALAMA TARIMSAL KALKINMA KOOPERAT\u0130F\u0130 OLA\u011eAN GENEL KURUL TOPLANTISI GER\u00c7EKLE\u015eT\u0130R\u0130LD\u0130\"><span class=\"inner\"><img fetchpriority=\"high\" decoding=\"async\" width=\"570\" height=\"375\" src=\"https:\/\/dalamatarimsalkalkinma.com.tr\/wp-content\/uploads\/2026\/05\/WhatsApp-Image-2026-05-04-at-21.52.49-3-570x375.jpeg\" class=\"attachment-mae-std4 size-mae-std4 wp-post-image\" alt=\"\" \/><\/span><\/a><span class=\"post-date default\">05 May\u0131s 2026<\/span><\/div><div class=\"content-wrap\"><div class=\"post-meta\"><span class=\"post-by-author item\"><span class=\"prefix\">by<\/span> \n                    <a class=\"name\" href=\"https:\/\/dalamatarimsalkalkinma.com.tr\/index.php\/author\/dalamawp\/\" title=\"View all posts by dalamawp\">dalamawp<\/a>\n                <\/span><\/div><h3 class=\"headline-2\"><a href=\"https:\/\/dalamatarimsalkalkinma.com.tr\/index.php\/2026\/05\/05\/dalama-tarimsal-kalkinma-kooperatifi-olagan-genel-kurul-toplantisi-gerceklestirildi\/\">DALAMA TARIMSAL KALKINMA KOOPERAT\u0130F\u0130 OLA\u011eAN GENEL KURUL TOPLANTISI GER\u00c7EKLE\u015eT\u0130R\u0130LD\u0130<\/a><\/h3><div class=\"desc\">Dalama Tar\u0131msal Kalk\u0131nma Kooperatifimizin Se\u00e7imli Ola\u011fan Genel Kurul Toplant\u0131s\u0131, 28<\/div><div class=\"sep\"><\/div><\/div>\n                        <\/div>\n                    \n                        <div class=\"master-news cbp-item\">\n                            <div class=\"image-wrap\"><a class=\"thumb\" href=\"https:\/\/dalamatarimsalkalkinma.com.tr\/index.php\/2026\/05\/05\/dalama-tarimsal-kalkinma-kooperatifinden-kadinlarimiza-unutulmaz-festival-turu\/\" aria-label=\"DALAMA TARIMSAL KALKINMA KOOPERAT\u0130F\u0130\u2019NDEN KADINLARIMIZA UNUTULMAZ FEST\u0130VAL TURU\"><span class=\"inner\"><img decoding=\"async\" width=\"570\" height=\"375\" src=\"https:\/\/dalamatarimsalkalkinma.com.tr\/wp-content\/uploads\/2026\/05\/WhatsApp-Image-2026-05-04-at-21.51.34-2-570x375.jpeg\" class=\"attachment-mae-std4 size-mae-std4 wp-post-image\" alt=\"\" \/><\/span><\/a><span class=\"post-date default\">05 May\u0131s 2026<\/span><\/div><div class=\"content-wrap\"><div class=\"post-meta\"><span class=\"post-by-author item\"><span class=\"prefix\">by<\/span> \n                    <a class=\"name\" href=\"https:\/\/dalamatarimsalkalkinma.com.tr\/index.php\/author\/dalamawp\/\" title=\"View all posts by dalamawp\">dalamawp<\/a>\n                <\/span><\/div><h3 class=\"headline-2\"><a href=\"https:\/\/dalamatarimsalkalkinma.com.tr\/index.php\/2026\/05\/05\/dalama-tarimsal-kalkinma-kooperatifinden-kadinlarimiza-unutulmaz-festival-turu\/\">DALAMA TARIMSAL KALKINMA KOOPERAT\u0130F\u0130\u2019NDEN KADINLARIMIZA UNUTULMAZ FEST\u0130VAL TURU<\/a><\/h3><div class=\"desc\">DALAMA TARIMSAL KALKINMA KOOPERAT\u0130F\u0130\u2019NDEN KADINLARIMIZA UNUTULMAZ FEST\u0130VAL TURU Dalama Tar\u0131msal<\/div><div class=\"sep\"><\/div><\/div>\n                        <\/div>\n                    \n                        <div class=\"master-news cbp-item\">\n                            <div class=\"image-wrap\"><a class=\"thumb\" href=\"https:\/\/dalamatarimsalkalkinma.com.tr\/index.php\/2026\/04\/21\/turk-alman-kooperatifleri-birligidgrv-is-birligi-ile-kadinlari-ve-gencleri-guclendirme-kageg-projesi\/\" aria-label=\"T\u00fcrk-Alman Kooperatifleri Birli\u011fi(DGRV) i\u015f birli\u011fi ile Kad\u0131nlar\u0131 ve Gen\u00e7leri G\u00fc\u00e7lendirme (KAGEG) projesi\"><span class=\"inner\"><img decoding=\"async\" width=\"570\" height=\"375\" src=\"https:\/\/dalamatarimsalkalkinma.com.tr\/wp-content\/uploads\/2026\/04\/WhatsApp-Image-2026-04-21-at-16.58.59-570x375.jpeg\" class=\"attachment-mae-std4 size-mae-std4 wp-post-image\" alt=\"\" \/><\/span><\/a><span class=\"post-date default\">21 Nisan 2026<\/span><\/div><div class=\"content-wrap\"><div class=\"post-meta\"><span class=\"post-by-author item\"><span class=\"prefix\">by<\/span> \n                    <a class=\"name\" href=\"https:\/\/dalamatarimsalkalkinma.com.tr\/index.php\/author\/dalamawp\/\" title=\"View all posts by dalamawp\">dalamawp<\/a>\n                <\/span><\/div><h3 class=\"headline-2\"><a href=\"https:\/\/dalamatarimsalkalkinma.com.tr\/index.php\/2026\/04\/21\/turk-alman-kooperatifleri-birligidgrv-is-birligi-ile-kadinlari-ve-gencleri-guclendirme-kageg-projesi\/\">T\u00fcrk-Alman Kooperatifleri Birli\u011fi(DGRV) i\u015f birli\u011fi ile Kad\u0131nlar\u0131 ve Gen\u00e7leri G\u00fc\u00e7lendirme (KAGEG) projesi<\/a><\/h3><div class=\"desc\">T\u00fcrk-Alman Kooperatifleri Birli\u011fi(DGRV) i\u015f birli\u011fi ile Kad\u0131nlar\u0131 ve Gen\u00e7leri G\u00fc\u00e7lendirme<\/div><div class=\"sep\"><\/div><\/div>\n                        <\/div>\n                    \n                        <div class=\"master-news cbp-item\">\n                            <div class=\"image-wrap\"><a class=\"thumb\" href=\"https:\/\/dalamatarimsalkalkinma.com.tr\/index.php\/2025\/12\/31\/ortaklara-yonelik-hijyen-egitimi-ve-bilgilendirme-toplantilari-duzenlendi\/\" aria-label=\"Ortaklara Y\u00f6nelik Hijyen E\u011fitimi ve Bilgilendirme Toplant\u0131lar\u0131 D\u00fczenlendi\"><span class=\"inner\"><img loading=\"lazy\" decoding=\"async\" width=\"570\" height=\"375\" src=\"https:\/\/dalamatarimsalkalkinma.com.tr\/wp-content\/uploads\/2025\/12\/WhatsApp-Image-2025-12-31-at-18.24.00-1-570x375.jpeg\" class=\"attachment-mae-std4 size-mae-std4 wp-post-image\" alt=\"\" \/><\/span><\/a><span class=\"post-date default\">31 Aral\u0131k 2025<\/span><\/div><div class=\"content-wrap\"><div class=\"post-meta\"><span class=\"post-by-author item\"><span class=\"prefix\">by<\/span> \n                    <a class=\"name\" href=\"https:\/\/dalamatarimsalkalkinma.com.tr\/index.php\/author\/dalamawp\/\" title=\"View all posts by dalamawp\">dalamawp<\/a>\n                <\/span><\/div><h3 class=\"headline-2\"><a href=\"https:\/\/dalamatarimsalkalkinma.com.tr\/index.php\/2025\/12\/31\/ortaklara-yonelik-hijyen-egitimi-ve-bilgilendirme-toplantilari-duzenlendi\/\">Ortaklara Y\u00f6nelik Hijyen E\u011fitimi ve Bilgilendirme Toplant\u0131lar\u0131 D\u00fczenlendi<\/a><\/h3><div class=\"desc\">S.S. Dalama Tar\u0131msal Kalk\u0131nma Kooperatifi, ortaklar\u0131n\u0131n bilin\u00e7 d\u00fczeyini art\u0131rmak ve<\/div><div class=\"sep\"><\/div><\/div>\n                        <\/div>\n                    \n                        <div class=\"master-news cbp-item\">\n                            <div class=\"image-wrap\"><a class=\"thumb\" href=\"https:\/\/dalamatarimsalkalkinma.com.tr\/index.php\/2025\/12\/31\/kooperatiflerimiz-1-derece-orgut-belgesi-almaya-hak-kazandi\/\" aria-label=\"Kooperatiflerimiz 1. Derece \u00d6rg\u00fct Belgesi Almaya Hak Kazand\u0131\"><span class=\"inner\"><img loading=\"lazy\" decoding=\"async\" width=\"570\" height=\"375\" src=\"https:\/\/dalamatarimsalkalkinma.com.tr\/wp-content\/uploads\/2025\/12\/WhatsApp-Image-2025-12-31-at-17.30.35-2-570x375.jpeg\" class=\"attachment-mae-std4 size-mae-std4 wp-post-image\" alt=\"\" \/><\/span><\/a><span class=\"post-date default\">31 Aral\u0131k 2025<\/span><\/div><div class=\"content-wrap\"><div class=\"post-meta\"><span class=\"post-by-author item\"><span class=\"prefix\">by<\/span> \n                    <a class=\"name\" href=\"https:\/\/dalamatarimsalkalkinma.com.tr\/index.php\/author\/dalamawp\/\" title=\"View all posts by dalamawp\">dalamawp<\/a>\n                <\/span><\/div><h3 class=\"headline-2\"><a href=\"https:\/\/dalamatarimsalkalkinma.com.tr\/index.php\/2025\/12\/31\/kooperatiflerimiz-1-derece-orgut-belgesi-almaya-hak-kazandi\/\">Kooperatiflerimiz 1. Derece \u00d6rg\u00fct Belgesi Almaya Hak Kazand\u0131<\/a><\/h3><div class=\"desc\">Kooperatifimiz, Tar\u0131m Bakanl\u0131\u011f\u0131nca T\u00fcrkiye\u2019deki Tar\u0131msal Ama\u00e7l\u0131 \u00f6rg\u00fctlerin derecelendirilmesi konusunda birlik<\/div><div class=\"sep\"><\/div><\/div>\n                        <\/div>\n                    \n                        <div class=\"master-news cbp-item\">\n                            <div class=\"image-wrap\"><a class=\"thumb\" href=\"https:\/\/dalamatarimsalkalkinma.com.tr\/index.php\/2022\/07\/05\/going-local-the-impact-of-covid19-on-food-security\/\" aria-label=\"S.S. Dalama Tar\u0131msal Kalk\u0131nma Kooperatifi Yeni Web Sitesi Yay\u0131nda\"><span class=\"inner\"><img loading=\"lazy\" decoding=\"async\" width=\"570\" height=\"375\" src=\"https:\/\/dalamatarimsalkalkinma.com.tr\/wp-content\/uploads\/2022\/07\/dalama-tarimsal-kalkinma-logo-570x375.png\" class=\"attachment-mae-std4 size-mae-std4 wp-post-image\" alt=\"\" \/><\/span><\/a><span class=\"post-date default\">05 Temmuz 2022<\/span><\/div><div class=\"content-wrap\"><div class=\"post-meta\"><span class=\"post-by-author item\"><span class=\"prefix\">by<\/span> \n                    <a class=\"name\" href=\"https:\/\/dalamatarimsalkalkinma.com.tr\/index.php\/author\/dalamawp\/\" title=\"View all posts by dalamawp\">dalamawp<\/a>\n                <\/span><span class=\"meta-sep\">\/<\/span><span class=\"post-comment item\"><span class=\"inner\"><a href=\"https:\/\/dalamatarimsalkalkinma.com.tr\/index.php\/2022\/07\/05\/going-local-the-impact-of-covid19-on-food-security\/#respond\">0 Comments<\/a><\/span><\/span><\/div><h3 class=\"headline-2\"><a href=\"https:\/\/dalamatarimsalkalkinma.com.tr\/index.php\/2022\/07\/05\/going-local-the-impact-of-covid19-on-food-security\/\">S.S. Dalama Tar\u0131msal Kalk\u0131nma Kooperatifi Yeni Web Sitesi Yay\u0131nda<\/a><\/h3><div class=\"desc\">S.S. Dalama Tar\u0131msal Kalk\u0131nma Kooperatifi Yeni Web Sitesi Yay\u0131nda S.S.<\/div><div class=\"sep\"><\/div><\/div>\n                        <\/div>\n                                <\/div><!-- galleries -->\n        <\/div><!-- master-portfolio -->\n        \t\t\t\t<\/div>\n\t\t\t\t<\/div>\n\t\t\t\t\t<\/div>\n\t\t<\/div>\n\t\t\t\t\t<\/div>\n\t\t<\/section>\n\t\t\t\t<\/div>\n\t\t","protected":false},"excerpt":{"rendered":"<p>05 Temmuz 2022by dalamawp \/1 Comment Bringing Food Production Back To Cities Lorem ipsum dolor sit amet, cibo mundi ea duo, vim<\/p>\n","protected":false},"author":1,"featured_media":0,"parent":0,"menu_order":0,"comment_status":"closed","ping_status":"closed","template":"","meta":{"footnotes":""},"class_list":["post-2399","page","type-page","status-publish","hentry"],"_links":{"self":[{"href":"https:\/\/dalamatarimsalkalkinma.com.tr\/index.php\/wp-json\/wp\/v2\/pages\/2399","targetHints":{"allow":["GET"]}}],"collection":[{"href":"https:\/\/dalamatarimsalkalkinma.com.tr\/index.php\/wp-json\/wp\/v2\/pages"}],"about":[{"href":"https:\/\/dalamatarimsalkalkinma.com.tr\/index.php\/wp-json\/wp\/v2\/types\/page"}],"author":[{"embeddable":true,"href":"https:\/\/dalamatarimsalkalkinma.com.tr\/index.php\/wp-json\/wp\/v2\/users\/1"}],"replies":[{"embeddable":true,"href":"https:\/\/dalamatarimsalkalkinma.com.tr\/index.php\/wp-json\/wp\/v2\/comments?post=2399"}],"version-history":[{"count":5,"href":"https:\/\/dalamatarimsalkalkinma.com.tr\/index.php\/wp-json\/wp\/v2\/pages\/2399\/revisions"}],"predecessor-version":[{"id":3091,"href":"https:\/\/dalamatarimsalkalkinma.com.tr\/index.php\/wp-json\/wp\/v2\/pages\/2399\/revisions\/3091"}],"wp:attachment":[{"href":"https:\/\/dalamatarimsalkalkinma.com.tr\/index.php\/wp-json\/wp\/v2\/media?parent=2399"}],"curies":[{"name":"wp","href":"https:\/\/api.w.org\/{rel}","templated":true}]}}