{"id":2379,"date":"2022-07-11T12:07:28","date_gmt":"2022-07-11T12:07:28","guid":{"rendered":"http:\/\/tplabs.co\/agrios\/?page_id=2379"},"modified":"2025-11-23T16:22:13","modified_gmt":"2025-11-23T13:22:13","slug":"hakkimizda","status":"publish","type":"page","link":"https:\/\/dalamatarimsalkalkinma.com.tr\/index.php\/hakkimizda\/","title":{"rendered":"Hakk\u0131m\u0131zda"},"content":{"rendered":"\t\t<div data-elementor-type=\"wp-page\" data-elementor-id=\"2379\" class=\"elementor elementor-2379\" data-elementor-post-type=\"page\">\n\t\t\t\t\t\t<section class=\"elementor-section elementor-top-section elementor-element elementor-element-7b460a2 elementor-section-boxed elementor-section-height-default elementor-section-height-default\" data-id=\"7b460a2\" data-element_type=\"section\" data-e-type=\"section\">\n\t\t\t\t\t\t<div class=\"elementor-container elementor-column-gap-no\">\n\t\t\t\t\t<div class=\"elementor-column elementor-col-100 elementor-top-column elementor-element elementor-element-3b80ef6\" data-id=\"3b80ef6\" data-element_type=\"column\" data-e-type=\"column\">\n\t\t\t<div class=\"elementor-widget-wrap elementor-element-populated\">\n\t\t\t\t\t\t<div class=\"elementor-element elementor-element-2be430a elementor-widget elementor-widget-spacer\" data-id=\"2be430a\" data-element_type=\"widget\" data-e-type=\"widget\" data-widget_type=\"spacer.default\">\n\t\t\t\t<div class=\"elementor-widget-container\">\n\t\t\t\t\t\t\t<div class=\"elementor-spacer\">\n\t\t\t<div class=\"elementor-spacer-inner\"><\/div>\n\t\t<\/div>\n\t\t\t\t\t\t<\/div>\n\t\t\t\t<\/div>\n\t\t\t\t<section class=\"elementor-section elementor-inner-section elementor-element elementor-element-7f78d03 elementor-section-boxed elementor-section-height-default elementor-section-height-default\" data-id=\"7f78d03\" data-element_type=\"section\" data-e-type=\"section\">\n\t\t\t\t\t\t<div class=\"elementor-container elementor-column-gap-default\">\n\t\t\t\t\t<div class=\"elementor-column elementor-col-50 elementor-inner-column elementor-element elementor-element-1710066\" data-id=\"1710066\" data-element_type=\"column\" data-e-type=\"column\">\n\t\t\t<div class=\"elementor-widget-wrap elementor-element-populated\">\n\t\t\t\t\t\t<div class=\"elementor-element elementor-element-bd39f35 image-width-fit elementor-widget elementor-widget-mae-gallery-stack\" data-id=\"bd39f35\" data-element_type=\"widget\" data-e-type=\"widget\" data-widget_type=\"mae-gallery-stack.default\">\n\t\t\t\t<div class=\"elementor-widget-container\">\n\t\t\t\t\t\t\t<div class=\"master-gallery-stack\">\n\t\t\t<div class=\"master-fancy-image elementor-repeater-item-b257372\" data-top=\"0px\" data-calcHeight=\"no\">\n\t\t\t\t\t\t\t\t\t\t<div class=\"image-wrap\"><img fetchpriority=\"high\" decoding=\"async\" width=\"450\" height=\"601\" src=\"https:\/\/dalamatarimsalkalkinma.com.tr\/wp-content\/uploads\/2022\/07\/about-01-1.webp\" class=\"attachment-full size-full\" alt=\"\" srcset=\"https:\/\/dalamatarimsalkalkinma.com.tr\/wp-content\/uploads\/2022\/07\/about-01-1.webp 450w, https:\/\/dalamatarimsalkalkinma.com.tr\/wp-content\/uploads\/2022\/07\/about-01-1-225x300.webp 225w\" sizes=\"(max-width: 450px) 100vw, 450px\" \/><\/div>\n\t\t\t\t\t\t\t\t\t<\/div><div class=\"master-shape master-animation elementor-repeater-item-df02c7c\" data-animation=\"fadeInUpLeft\"><\/div>\t\t<\/div>\n\t    \t\t\t\t<\/div>\n\t\t\t\t<\/div>\n\t\t\t\t\t<\/div>\n\t\t<\/div>\n\t\t\t\t<div class=\"elementor-column elementor-col-50 elementor-inner-column elementor-element elementor-element-9614b3f\" data-id=\"9614b3f\" data-element_type=\"column\" data-e-type=\"column\">\n\t\t\t<div class=\"elementor-widget-wrap elementor-element-populated\">\n\t\t\t\t\t\t<div class=\"elementor-element elementor-element-9264400 heading-default elementor-widget elementor-widget-mae-headings\" data-id=\"9264400\" data-element_type=\"widget\" data-e-type=\"widget\" data-widget_type=\"mae-headings.default\">\n\t\t\t\t<div class=\"elementor-widget-container\">\n\t\t\t\t\t\t\t<div class=\"master-heading sep-none\">\n\t\t\t\t        \t        \t<div class=\"pre-heading\"><span class=\"line\"><span class=\"inner\"><\/span><\/span>s.s Dalama Tar\u0131msal Kalk\u0131nma Kooperatifi<\/div>\n\t        \n\t        \n\t        \t        <h2 class=\"main-heading\">Hakk\u0131m\u0131zda<\/h2>\n\t        \n\t        \n\t        \t            <div class=\"sub-heading\">Dalama Mahallesi\u2019nin ve \u00e7evre k\u00f6ylerin \u00fcretici ortaklar\u0131 i\u00e7in g\u00fcvenilir bir hizmet orta\u011f\u0131 olarak kurulan Dalama Tar\u0131msal Kalk\u0131nma Kooperatifi; hayvansal ve bitkisel \u00fcretimde s\u00fcrd\u00fcr\u00fclebilirli\u011fi, kaliteyi ve i\u015fbirli\u011fini temel al\u0131r. Kurulu\u015fumuzdan bu yana, \u201cortaklar\u0131m\u0131zla birlikte b\u00fcy\u00fcyoruz\u201d anlay\u0131\u015f\u0131yla hareket ediyoruz.\n\nOrtaklar\u0131m\u0131z\u0131n ihtiya\u00e7lar\u0131n\u0131 en iyi \u015fekilde kar\u015f\u0131lamak amac\u0131yla; s\u00fct toplama, yem temini, sulama altyap\u0131s\u0131 ve ta\u015f\u0131ma hizmetleri gibi \u00fcretim s\u00fcre\u00e7lerini kolayla\u015ft\u0131ran hizmetler sunuyoruz. B\u00f6ylece \u00fcreticilerimiz yaln\u0131zca \u00fcretime odaklanabilir; lojistik, girdi temini ve pazarlama gibi destek hizmetlerini kooperatifimiz \u00fcstlenmektedir.<br><br>\n\nKooperatifimiz, \u015feffaf y\u00f6netim anlay\u0131\u015f\u0131yla faaliyet g\u00f6sterir. \u00dcretici ortaklar\u0131m\u0131z\u0131n s\u00f6z sahibi oldu\u011fu demokratik bir yap\u0131da; karar s\u00fcre\u00e7lerine ortak kat\u0131l\u0131m\u0131 te\u015fvik ederek g\u00fcc\u00fcm\u00fcz\u00fc birlikten al\u0131yoruz. Bu sayede, toplumsal sorumluluk bilinciyle hareket ediyor, b\u00f6lgemizin ekonomik ve sosyal kalk\u0131nmas\u0131na katk\u0131da bulunuyoruz.<br><br>\n\nVizyonumuz; modern tar\u0131m tekniklerinin ve teknolojilerinin yayg\u0131nla\u015ft\u0131\u011f\u0131, \u00fcreticilerimizin rekabet g\u00fcc\u00fcn\u00fcn artt\u0131\u011f\u0131 bir b\u00f6lge yaratmakt\u0131r. Misyonumuz ise; ortaklar\u0131m\u0131z i\u00e7in de\u011fer yaratmak, \u00fcretim s\u00fcre\u00e7lerini kolayla\u015ft\u0131rmak ve tar\u0131msal kalk\u0131nman\u0131n ger\u00e7ek anlamda yerelde ger\u00e7ekle\u015fmesine katk\u0131 sa\u011flamakt\u0131r.<\/div>\n\t        \t    <\/div>\n\t    \t\t\t\t<\/div>\n\t\t\t\t<\/div>\n\t\t\t\t\t<\/div>\n\t\t<\/div>\n\t\t\t\t\t<\/div>\n\t\t<\/section>\n\t\t\t\t<div class=\"elementor-element elementor-element-8dd3585 elementor-widget elementor-widget-spacer\" data-id=\"8dd3585\" data-element_type=\"widget\" data-e-type=\"widget\" data-widget_type=\"spacer.default\">\n\t\t\t\t<div class=\"elementor-widget-container\">\n\t\t\t\t\t\t\t<div class=\"elementor-spacer\">\n\t\t\t<div class=\"elementor-spacer-inner\"><\/div>\n\t\t<\/div>\n\t\t\t\t\t\t<\/div>\n\t\t\t\t<\/div>\n\t\t\t\t\t<\/div>\n\t\t<\/div>\n\t\t\t\t\t<\/div>\n\t\t<\/section>\n\t\t\t\t<section class=\"elementor-section elementor-top-section elementor-element elementor-element-6487831 elementor-section-full_width elementor-section-stretched elementor-section-height-default elementor-section-height-default\" data-id=\"6487831\" data-element_type=\"section\" data-e-type=\"section\" data-settings=\"{&quot;stretch_section&quot;:&quot;section-stretched&quot;,&quot;background_background&quot;:&quot;classic&quot;}\">\n\t\t\t\t\t\t<div class=\"elementor-container elementor-column-gap-no\">\n\t\t\t\t\t<div class=\"elementor-column elementor-col-100 elementor-top-column elementor-element elementor-element-56b76b6\" data-id=\"56b76b6\" data-element_type=\"column\" data-e-type=\"column\">\n\t\t\t<div class=\"elementor-widget-wrap elementor-element-populated\">\n\t\t\t\t\t\t<div class=\"elementor-element elementor-element-2781b42 elementor-widget elementor-widget-spacer\" data-id=\"2781b42\" data-element_type=\"widget\" data-e-type=\"widget\" data-widget_type=\"spacer.default\">\n\t\t\t\t<div class=\"elementor-widget-container\">\n\t\t\t\t\t\t\t<div class=\"elementor-spacer\">\n\t\t\t<div class=\"elementor-spacer-inner\"><\/div>\n\t\t<\/div>\n\t\t\t\t\t\t<\/div>\n\t\t\t\t<\/div>\n\t\t\t\t<section class=\"elementor-section elementor-inner-section elementor-element elementor-element-37f0648 elementor-section-boxed elementor-section-height-default elementor-section-height-default\" data-id=\"37f0648\" data-element_type=\"section\" data-e-type=\"section\">\n\t\t\t\t\t\t<div class=\"elementor-container elementor-column-gap-default\">\n\t\t\t\t\t<div class=\"elementor-column elementor-col-25 elementor-inner-column elementor-element elementor-element-6c87f6f\" data-id=\"6c87f6f\" data-element_type=\"column\" data-e-type=\"column\">\n\t\t\t<div class=\"elementor-widget-wrap elementor-element-populated\">\n\t\t\t\t\t\t<div class=\"elementor-element elementor-element-d0f5991 align-center icon-separator icon-position-top icon-has-bg elementor-widget elementor-widget-mae-counter\" data-id=\"d0f5991\" data-element_type=\"widget\" data-e-type=\"widget\" data-widget_type=\"mae-counter.default\">\n\t\t\t\t<div class=\"elementor-widget-container\">\n\t\t\t\t\t\t\t<div class=\"master-counter\" data-format=\"separator\">\n\t\t\t\n\t\t\t<div class=\"inner\">\n\t\t\t\t<div class=\"number-wrap\">\n\t\t\t\t\t<span class=\"number\" data-to=\"45\" data-time= \"2000\"><\/span>\n\t\t\t\t\t\t\t\t\t<\/div>\n\n\t\t\t\t<span class=\"title\">G\u00dcNL\u00dcK 45 TON S\u00dcT<\/span>\t\t\t<\/div>\n\n\t\t\t\t    <\/div>\n\t    \t\t\t\t<\/div>\n\t\t\t\t<\/div>\n\t\t\t\t\t<\/div>\n\t\t<\/div>\n\t\t\t\t<div class=\"elementor-column elementor-col-25 elementor-inner-column elementor-element elementor-element-f190329\" data-id=\"f190329\" data-element_type=\"column\" data-e-type=\"column\">\n\t\t\t<div class=\"elementor-widget-wrap elementor-element-populated\">\n\t\t\t\t\t\t<div class=\"elementor-element elementor-element-71632f8 align-center icon-separator icon-position-top icon-has-bg elementor-widget elementor-widget-mae-counter\" data-id=\"71632f8\" data-element_type=\"widget\" data-e-type=\"widget\" data-widget_type=\"mae-counter.default\">\n\t\t\t\t<div class=\"elementor-widget-container\">\n\t\t\t\t\t\t\t<div class=\"master-counter\" data-format=\"separator\">\n\t\t\t\n\t\t\t<div class=\"inner\">\n\t\t\t\t<div class=\"number-wrap\">\n\t\t\t\t\t<span class=\"number\" data-to=\"1000\" data-time= \"2000\"><\/span>\n\t\t\t\t\t\t\t\t\t<\/div>\n\n\t\t\t\t<span class=\"title\">TON YEM \u0130HT\u0130YACI<\/span>\t\t\t<\/div>\n\n\t\t\t\t    <\/div>\n\t    \t\t\t\t<\/div>\n\t\t\t\t<\/div>\n\t\t\t\t\t<\/div>\n\t\t<\/div>\n\t\t\t\t<div class=\"elementor-column elementor-col-25 elementor-inner-column elementor-element elementor-element-4362260\" data-id=\"4362260\" data-element_type=\"column\" data-e-type=\"column\">\n\t\t\t<div class=\"elementor-widget-wrap elementor-element-populated\">\n\t\t\t\t\t\t<div class=\"elementor-element elementor-element-9ab2d55 align-center icon-separator icon-position-top icon-has-bg elementor-widget elementor-widget-mae-counter\" data-id=\"9ab2d55\" data-element_type=\"widget\" data-e-type=\"widget\" data-widget_type=\"mae-counter.default\">\n\t\t\t\t<div class=\"elementor-widget-container\">\n\t\t\t\t\t\t\t<div class=\"master-counter\" data-format=\"separator\">\n\t\t\t\n\t\t\t<div class=\"inner\">\n\t\t\t\t<div class=\"number-wrap\">\n\t\t\t\t\t<span class=\"number\" data-to=\"350\" data-time= \"2000\"><\/span>\n\t\t\t\t\t\t\t\t\t<\/div>\n\n\t\t\t\t<span class=\"title\">D\u00d6N\u00dcM SULAMA<\/span>\t\t\t<\/div>\n\n\t\t\t\t    <\/div>\n\t    \t\t\t\t<\/div>\n\t\t\t\t<\/div>\n\t\t\t\t\t<\/div>\n\t\t<\/div>\n\t\t\t\t<div class=\"elementor-column elementor-col-25 elementor-inner-column elementor-element elementor-element-5eb1470\" data-id=\"5eb1470\" data-element_type=\"column\" data-e-type=\"column\">\n\t\t\t<div class=\"elementor-widget-wrap elementor-element-populated\">\n\t\t\t\t\t\t<div class=\"elementor-element elementor-element-0141978 align-center icon-separator icon-position-top icon-has-bg elementor-widget elementor-widget-mae-counter\" data-id=\"0141978\" data-element_type=\"widget\" data-e-type=\"widget\" data-widget_type=\"mae-counter.default\">\n\t\t\t\t<div class=\"elementor-widget-container\">\n\t\t\t\t\t\t\t<div class=\"master-counter\" data-format=\"separator\">\n\t\t\t\n\t\t\t<div class=\"inner\">\n\t\t\t\t<div class=\"number-wrap\">\n\t\t\t\t\t<span class=\"number\" data-to=\"5\" data-time= \"2000\"><\/span>\n\t\t\t\t\t\t\t\t\t<\/div>\n\n\t\t\t\t<span class=\"title\">ADET S\u00dcT TOPLAMA ARACI<\/span>\t\t\t<\/div>\n\n\t\t\t\t    <\/div>\n\t    \t\t\t\t<\/div>\n\t\t\t\t<\/div>\n\t\t\t\t\t<\/div>\n\t\t<\/div>\n\t\t\t\t\t<\/div>\n\t\t<\/section>\n\t\t\t\t<div class=\"elementor-element elementor-element-bd836dc elementor-widget elementor-widget-spacer\" data-id=\"bd836dc\" data-element_type=\"widget\" data-e-type=\"widget\" data-widget_type=\"spacer.default\">\n\t\t\t\t<div class=\"elementor-widget-container\">\n\t\t\t\t\t\t\t<div class=\"elementor-spacer\">\n\t\t\t<div class=\"elementor-spacer-inner\"><\/div>\n\t\t<\/div>\n\t\t\t\t\t\t<\/div>\n\t\t\t\t<\/div>\n\t\t\t\t<div class=\"elementor-element elementor-element-d77ffcd align-left elementor-absolute image-width-full elementor-widget elementor-widget-mae-gallery-stack\" data-id=\"d77ffcd\" data-element_type=\"widget\" data-e-type=\"widget\" data-settings=\"{&quot;_position&quot;:&quot;absolute&quot;}\" data-widget_type=\"mae-gallery-stack.default\">\n\t\t\t\t<div class=\"elementor-widget-container\">\n\t\t\t\t\t\t\t<div class=\"master-gallery-stack\">\n\t\t\t<div class=\"master-fancy-image elementor-repeater-item-74de82a\" data-top=\"0px\" data-parallax='{\"x\" : 0, \"y\" : -50, \"smoothness\" : 30}' data-calcHeight=\"no\">\n\t\t\t\t\t\t\t\t\t<div class=\"image-wrap\"><img decoding=\"async\" width=\"449\" height=\"314\" src=\"https:\/\/dalamatarimsalkalkinma.com.tr\/wp-content\/uploads\/2022\/07\/vegetables-01-1.webp\" class=\"attachment-full size-full\" alt=\"\" srcset=\"https:\/\/dalamatarimsalkalkinma.com.tr\/wp-content\/uploads\/2022\/07\/vegetables-01-1.webp 449w, https:\/\/dalamatarimsalkalkinma.com.tr\/wp-content\/uploads\/2022\/07\/vegetables-01-1-300x210.webp 300w\" sizes=\"(max-width: 449px) 100vw, 449px\" \/><\/div>\n\t\t\t\t\t\t\t\t<\/div>\t\t<\/div>\n\t    \t\t\t\t<\/div>\n\t\t\t\t<\/div>\n\t\t\t\t\t<\/div>\n\t\t<\/div>\n\t\t\t\t\t<\/div>\n\t\t<\/section>\n\t\t\t\t<section class=\"elementor-section elementor-top-section elementor-element elementor-element-ca19c90 elementor-section-boxed elementor-section-height-default elementor-section-height-default\" data-id=\"ca19c90\" data-element_type=\"section\" data-e-type=\"section\">\n\t\t\t\t\t\t<div class=\"elementor-container elementor-column-gap-default\">\n\t\t\t\t\t<div class=\"elementor-column elementor-col-100 elementor-top-column elementor-element elementor-element-ba724de\" data-id=\"ba724de\" data-element_type=\"column\" data-e-type=\"column\">\n\t\t\t<div class=\"elementor-widget-wrap elementor-element-populated\">\n\t\t\t\t\t\t<div class=\"elementor-element elementor-element-1d746ed elementor-widget elementor-widget-spacer\" data-id=\"1d746ed\" data-element_type=\"widget\" data-e-type=\"widget\" data-widget_type=\"spacer.default\">\n\t\t\t\t<div class=\"elementor-widget-container\">\n\t\t\t\t\t\t\t<div class=\"elementor-spacer\">\n\t\t\t<div class=\"elementor-spacer-inner\"><\/div>\n\t\t<\/div>\n\t\t\t\t\t\t<\/div>\n\t\t\t\t<\/div>\n\t\t\t\t<div class=\"elementor-element elementor-element-e2dcd88 align-center heading-default elementor-widget elementor-widget-mae-headings\" data-id=\"e2dcd88\" data-element_type=\"widget\" data-e-type=\"widget\" data-widget_type=\"mae-headings.default\">\n\t\t\t\t<div class=\"elementor-widget-container\">\n\t\t\t\t\t\t\t<div class=\"master-heading sep-none\">\n\t\t\t\t        \t        \t<div class=\"pre-heading\"><span class=\"line\"><span class=\"inner\"><\/span><\/span>S.S DALAMA TARIMSAL KALKINMA KOOPERAT\u0130F\u0130<\/div>\n\t        \n\t        \n\t        \t        <h2 class=\"main-heading\">Y\u00f6netim Kurulu<\/h2>\n\t        \n\t        \n\t        \t    <\/div>\n\t    \t\t\t\t<\/div>\n\t\t\t\t<\/div>\n\t\t\t\t<div class=\"elementor-element elementor-element-09fd47e elementor-widget elementor-widget-mae-team-carousel\" data-id=\"09fd47e\" data-element_type=\"widget\" data-e-type=\"widget\" data-widget_type=\"mae-team-carousel.default\">\n\t\t\t\t<div class=\"elementor-widget-container\">\n\t\t\t\t\t\n        <div class=\"master-carousel-box mlr-1837492480\" data-config='{\"column\":\"\",\"columnTablet\":2,\"columnMobile\":1,\"gap\":\"\",\"arrowPosition\":null,\"arrowMiddleOffset\":null,\"arrowTopOffset\":null,\"stretch\":\"no\",\"autoPlay\":true,\"prevNextButtons\":false,\"pageDots\":false,\"activeIndex\":\"\"}'>\n                            <div class=\"master-team item-carousel\">\n                    <div class=\"inner\">\n                        <div class=\"image-wrap\">\n                            <div class=\"avatar\"><a class=\"thumb\" aria-label=\"avatar\" href=\"\"><span class=\"inner\"><img decoding=\"async\" width=\"512\" height=\"512\" src=\"https:\/\/dalamatarimsalkalkinma.com.tr\/wp-content\/uploads\/2022\/07\/cropped-dalama-tarimsal-kalkinma-logo.png\" class=\"attachment-full size-full\" alt=\"\" srcset=\"https:\/\/dalamatarimsalkalkinma.com.tr\/wp-content\/uploads\/2022\/07\/cropped-dalama-tarimsal-kalkinma-logo.png 512w, https:\/\/dalamatarimsalkalkinma.com.tr\/wp-content\/uploads\/2022\/07\/cropped-dalama-tarimsal-kalkinma-logo-300x300.png 300w, https:\/\/dalamatarimsalkalkinma.com.tr\/wp-content\/uploads\/2022\/07\/cropped-dalama-tarimsal-kalkinma-logo-150x150.png 150w, https:\/\/dalamatarimsalkalkinma.com.tr\/wp-content\/uploads\/2022\/07\/cropped-dalama-tarimsal-kalkinma-logo-370x370.png 370w, https:\/\/dalamatarimsalkalkinma.com.tr\/wp-content\/uploads\/2022\/07\/cropped-dalama-tarimsal-kalkinma-logo-60x60.png 60w, https:\/\/dalamatarimsalkalkinma.com.tr\/wp-content\/uploads\/2022\/07\/cropped-dalama-tarimsal-kalkinma-logo-100x100.png 100w, https:\/\/dalamatarimsalkalkinma.com.tr\/wp-content\/uploads\/2022\/07\/cropped-dalama-tarimsal-kalkinma-logo-270x270.png 270w, https:\/\/dalamatarimsalkalkinma.com.tr\/wp-content\/uploads\/2022\/07\/cropped-dalama-tarimsal-kalkinma-logo-192x192.png 192w, https:\/\/dalamatarimsalkalkinma.com.tr\/wp-content\/uploads\/2022\/07\/cropped-dalama-tarimsal-kalkinma-logo-180x180.png 180w, https:\/\/dalamatarimsalkalkinma.com.tr\/wp-content\/uploads\/2022\/07\/cropped-dalama-tarimsal-kalkinma-logo-32x32.png 32w\" sizes=\"(max-width: 512px) 100vw, 512px\" \/><\/span><\/a><\/div>                        <\/div>\n\n                        <div class=\"content-wrap\">\n                                                        <div class=\"name-role-info\">\n                                <h3 class=\"team-name\"><a href=\"\">Tevfik G\u00fcnd\u00fcz<\/a><\/h3><span class=\"team-role\">Y\u00f6netim Kurulu Ba\u015fkan\u0131<\/span>                            <\/div>\n                        <\/div>\n                    <\/div>\n                <\/div>\n                            <div class=\"master-team item-carousel\">\n                    <div class=\"inner\">\n                        <div class=\"image-wrap\">\n                            <div class=\"avatar\"><a class=\"thumb\" aria-label=\"avatar\" href=\"#\"><span class=\"inner\"><img decoding=\"async\" width=\"512\" height=\"512\" src=\"https:\/\/dalamatarimsalkalkinma.com.tr\/wp-content\/uploads\/2022\/07\/cropped-dalama-tarimsal-kalkinma-logo.png\" class=\"attachment-full size-full\" alt=\"\" srcset=\"https:\/\/dalamatarimsalkalkinma.com.tr\/wp-content\/uploads\/2022\/07\/cropped-dalama-tarimsal-kalkinma-logo.png 512w, https:\/\/dalamatarimsalkalkinma.com.tr\/wp-content\/uploads\/2022\/07\/cropped-dalama-tarimsal-kalkinma-logo-300x300.png 300w, https:\/\/dalamatarimsalkalkinma.com.tr\/wp-content\/uploads\/2022\/07\/cropped-dalama-tarimsal-kalkinma-logo-150x150.png 150w, https:\/\/dalamatarimsalkalkinma.com.tr\/wp-content\/uploads\/2022\/07\/cropped-dalama-tarimsal-kalkinma-logo-370x370.png 370w, https:\/\/dalamatarimsalkalkinma.com.tr\/wp-content\/uploads\/2022\/07\/cropped-dalama-tarimsal-kalkinma-logo-60x60.png 60w, https:\/\/dalamatarimsalkalkinma.com.tr\/wp-content\/uploads\/2022\/07\/cropped-dalama-tarimsal-kalkinma-logo-100x100.png 100w, https:\/\/dalamatarimsalkalkinma.com.tr\/wp-content\/uploads\/2022\/07\/cropped-dalama-tarimsal-kalkinma-logo-270x270.png 270w, https:\/\/dalamatarimsalkalkinma.com.tr\/wp-content\/uploads\/2022\/07\/cropped-dalama-tarimsal-kalkinma-logo-192x192.png 192w, https:\/\/dalamatarimsalkalkinma.com.tr\/wp-content\/uploads\/2022\/07\/cropped-dalama-tarimsal-kalkinma-logo-180x180.png 180w, https:\/\/dalamatarimsalkalkinma.com.tr\/wp-content\/uploads\/2022\/07\/cropped-dalama-tarimsal-kalkinma-logo-32x32.png 32w\" sizes=\"(max-width: 512px) 100vw, 512px\" \/><\/span><\/a><\/div>                        <\/div>\n\n                        <div class=\"content-wrap\">\n                                                        <div class=\"name-role-info\">\n                                <h3 class=\"team-name\"><a href=\"#\">Mehmet \u0130lter<\/a><\/h3><span class=\"team-role\">Y\u00f6netim Kurulu Ba\u015fkan Yrd.<\/span>                            <\/div>\n                        <\/div>\n                    <\/div>\n                <\/div>\n                            <div class=\"master-team item-carousel\">\n                    <div class=\"inner\">\n                        <div class=\"image-wrap\">\n                            <div class=\"avatar\"><a class=\"thumb\" aria-label=\"avatar\" href=\"#\"><span class=\"inner\"><img decoding=\"async\" width=\"512\" height=\"512\" src=\"https:\/\/dalamatarimsalkalkinma.com.tr\/wp-content\/uploads\/2022\/07\/cropped-dalama-tarimsal-kalkinma-logo.png\" class=\"attachment-full size-full\" alt=\"\" srcset=\"https:\/\/dalamatarimsalkalkinma.com.tr\/wp-content\/uploads\/2022\/07\/cropped-dalama-tarimsal-kalkinma-logo.png 512w, https:\/\/dalamatarimsalkalkinma.com.tr\/wp-content\/uploads\/2022\/07\/cropped-dalama-tarimsal-kalkinma-logo-300x300.png 300w, https:\/\/dalamatarimsalkalkinma.com.tr\/wp-content\/uploads\/2022\/07\/cropped-dalama-tarimsal-kalkinma-logo-150x150.png 150w, https:\/\/dalamatarimsalkalkinma.com.tr\/wp-content\/uploads\/2022\/07\/cropped-dalama-tarimsal-kalkinma-logo-370x370.png 370w, https:\/\/dalamatarimsalkalkinma.com.tr\/wp-content\/uploads\/2022\/07\/cropped-dalama-tarimsal-kalkinma-logo-60x60.png 60w, https:\/\/dalamatarimsalkalkinma.com.tr\/wp-content\/uploads\/2022\/07\/cropped-dalama-tarimsal-kalkinma-logo-100x100.png 100w, https:\/\/dalamatarimsalkalkinma.com.tr\/wp-content\/uploads\/2022\/07\/cropped-dalama-tarimsal-kalkinma-logo-270x270.png 270w, https:\/\/dalamatarimsalkalkinma.com.tr\/wp-content\/uploads\/2022\/07\/cropped-dalama-tarimsal-kalkinma-logo-192x192.png 192w, https:\/\/dalamatarimsalkalkinma.com.tr\/wp-content\/uploads\/2022\/07\/cropped-dalama-tarimsal-kalkinma-logo-180x180.png 180w, https:\/\/dalamatarimsalkalkinma.com.tr\/wp-content\/uploads\/2022\/07\/cropped-dalama-tarimsal-kalkinma-logo-32x32.png 32w\" sizes=\"(max-width: 512px) 100vw, 512px\" \/><\/span><\/a><\/div>                        <\/div>\n\n                        <div class=\"content-wrap\">\n                                                        <div class=\"name-role-info\">\n                                <h3 class=\"team-name\"><a href=\"#\">Hasan Ali Arda<\/a><\/h3><span class=\"team-role\">Y\u00f6netim Kurulu \u00dcyesi<\/span>                            <\/div>\n                        <\/div>\n                    <\/div>\n                <\/div>\n                    <\/div>\n\n        \t\t\t\t<\/div>\n\t\t\t\t<\/div>\n\t\t\t\t<div class=\"elementor-element elementor-element-6f75190 elementor-widget elementor-widget-spacer\" data-id=\"6f75190\" data-element_type=\"widget\" data-e-type=\"widget\" data-widget_type=\"spacer.default\">\n\t\t\t\t<div class=\"elementor-widget-container\">\n\t\t\t\t\t\t\t<div class=\"elementor-spacer\">\n\t\t\t<div class=\"elementor-spacer-inner\"><\/div>\n\t\t<\/div>\n\t\t\t\t\t\t<\/div>\n\t\t\t\t<\/div>\n\t\t\t\t\t<\/div>\n\t\t<\/div>\n\t\t\t\t\t<\/div>\n\t\t<\/section>\n\t\t\t\t<\/div>\n\t\t\n    <div class=\"xs_social_share_widget xs_share_url after_content \t\tmain_content  wslu-style-1 wslu-share-box-shaped wslu-fill-colored wslu-none wslu-share-horizontal wslu-theme-font-no wslu-main_content\">\n\n\t\t\n        <ul>\n\t\t\t        <\/ul>\n    <\/div> \n","protected":false},"excerpt":{"rendered":"<p>s.s Dalama Tar\u0131msal Kalk\u0131nma Kooperatifi Hakk\u0131m\u0131zda Dalama Mahallesi\u2019nin ve \u00e7evre k\u00f6ylerin \u00fcretici ortaklar\u0131 i\u00e7in g\u00fcvenilir bir hizmet orta\u011f\u0131 olarak kurulan Dalama Tar\u0131msal Kalk\u0131nma Kooperatifi; hayvansal ve bitkisel \u00fcretimde s\u00fcrd\u00fcr\u00fclebilirli\u011fi, kaliteyi ve i\u015fbirli\u011fini temel al\u0131r. Kurulu\u015fumuzdan bu yana, \u201cortaklar\u0131m\u0131zla birlikte b\u00fcy\u00fcyoruz\u201d anlay\u0131\u015f\u0131yla hareket ediyoruz. Ortaklar\u0131m\u0131z\u0131n ihtiya\u00e7lar\u0131n\u0131 en iyi \u015fekilde kar\u015f\u0131lamak amac\u0131yla;<\/p>\n","protected":false},"author":1,"featured_media":0,"parent":0,"menu_order":0,"comment_status":"closed","ping_status":"closed","template":"","meta":{"footnotes":""},"class_list":["post-2379","page","type-page","status-publish","hentry"],"_links":{"self":[{"href":"https:\/\/dalamatarimsalkalkinma.com.tr\/index.php\/wp-json\/wp\/v2\/pages\/2379","targetHints":{"allow":["GET"]}}],"collection":[{"href":"https:\/\/dalamatarimsalkalkinma.com.tr\/index.php\/wp-json\/wp\/v2\/pages"}],"about":[{"href":"https:\/\/dalamatarimsalkalkinma.com.tr\/index.php\/wp-json\/wp\/v2\/types\/page"}],"author":[{"embeddable":true,"href":"https:\/\/dalamatarimsalkalkinma.com.tr\/index.php\/wp-json\/wp\/v2\/users\/1"}],"replies":[{"embeddable":true,"href":"https:\/\/dalamatarimsalkalkinma.com.tr\/index.php\/wp-json\/wp\/v2\/comments?post=2379"}],"version-history":[{"count":5,"href":"https:\/\/dalamatarimsalkalkinma.com.tr\/index.php\/wp-json\/wp\/v2\/pages\/2379\/revisions"}],"predecessor-version":[{"id":3175,"href":"https:\/\/dalamatarimsalkalkinma.com.tr\/index.php\/wp-json\/wp\/v2\/pages\/2379\/revisions\/3175"}],"wp:attachment":[{"href":"https:\/\/dalamatarimsalkalkinma.com.tr\/index.php\/wp-json\/wp\/v2\/media?parent=2379"}],"curies":[{"name":"wp","href":"https:\/\/api.w.org\/{rel}","templated":true}]}}